{"id":3652,"date":"2026-01-22T08:52:59","date_gmt":"2026-01-22T07:52:59","guid":{"rendered":"https:\/\/www.krk-apartments.net\/pravila-privatnosti\/"},"modified":"2026-01-22T09:13:43","modified_gmt":"2026-01-22T08:13:43","slug":"informativa-sulla-privacy","status":"publish","type":"page","link":"https:\/\/www.krk-apartments.net\/it\/informativa-sulla-privacy\/","title":{"rendered":"Informativa sulla privacy"},"content":{"rendered":"<div class=\"wpb-content-wrapper\"><p>[vc_row][vc_column]<div id=\"cz_32150\" class=\"cz_32150 cz_title clr cz_title_pos_inline\"><div class=\"cz_title_content\"><div class=\"cz_wpe_content\"><section class=\"privacy-policy\">Apartmani Natalija po\u0161tuju va\u0161u privatnost i obvezuju se na za\u0161titu osobnih<br \/>\npodataka u skladu s va\u017ee\u0107im propisima, uklju\u010duju\u0107i Op\u0107u uredbu o za\u0161titi<br \/>\npodataka (EU) 2016\/679 (GDPR).Ova Politika privatnosti obja\u0161njava koje osobne podatke prikupljamo, kako ih<br \/>\nkoristimo i koja su va\u0161a prava.<\/section>\n<section><\/section>\n<section class=\"privacy-policy\">&nbsp;<\/p>\n<h2>1. Voditelj obrade podataka<\/h2>\n<p><strong>Apartmani Natalija<\/strong><br \/>\nBodulska 5A, 51500 Krk, Hrvatska<br \/>\nTelefon: +385 (0)99 214 7075<br \/>\nE-mail: <a href=\"mailto:apartmaninatalijakrk@gmail.com\">apartmaninatalijakrk@gmail.com<\/a><\/p>\n<p>&nbsp;<\/p>\n<h2>2. Koje osobne podatke prikupljamo<\/h2>\n<p>Prikupljamo samo podatke nu\u017ene za komunikaciju i rezervaciju smje\u0161taja:<\/p>\n<ul>\n<li>ime i prezime<\/li>\n<li>e-mail adresa<\/li>\n<li>numero di telefono<\/li>\n<li>podaci o rezervaciji (datum dolaska i odlaska, broj osoba, odabrani apartman)<\/li>\n<li>sadr\u017eaj poruke poslane putem kontakt obrasca<\/li>\n<\/ul>\n<p>Ne prikupljamo posebne kategorije osobnih podataka.<\/p>\n<p>&nbsp;<\/p>\n<h2>3. Na\u010din prikupljanja podataka<\/h2>\n<ul>\n<li>putem kontakt obrasca na web stranici<\/li>\n<li>putem e-mail komunikacije<\/li>\n<li>putem rezervacijskog sustava<\/li>\n<\/ul>\n<p>&nbsp;<\/p>\n<h2>4. Svrha obrade osobnih podataka<\/h2>\n<p>Osobni podaci koriste se isklju\u010divo u sljede\u0107e svrhe:<\/p>\n<ul>\n<li>odgovaranje na upite i komunikaciju s gostima<\/li>\n<li>obradu i potvrdu rezervacija<\/li>\n<li>ispunjavanje zakonskih obveza vezanih uz turisti\u010dki smje\u0161taj<\/li>\n<\/ul>\n<p>Podaci se ne koriste u marketin\u0161ke svrhe i ne dijele se s tre\u0107im stranama,<br \/>\nosim ako je to zakonski obvezno.<\/p>\n<p>&nbsp;<\/p>\n<h2>5. Pravna osnova obrade<\/h2>\n<ul>\n<li>privola korisnika<\/li>\n<li>izvr\u0161enje ugovora o smje\u0161taju<\/li>\n<li>ispunjavanje zakonskih obveza<\/li>\n<\/ul>\n<p>&nbsp;<\/p>\n<h2>6. Pohrana i \u010duvanje podataka<\/h2>\n<p>Osobni podaci \u010duvaju se samo onoliko dugo koliko je potrebno za ostvarenje<br \/>\nsvrhe obrade, odnosno u skladu s va\u017ee\u0107im zakonskim propisima.<\/p>\n<p>&nbsp;<\/p>\n<h2>7. Va\u0161a prava<\/h2>\n<p>U svakom trenutku imate pravo na:<\/p>\n<ul>\n<li>pristup osobnim podacima<\/li>\n<li>ispravak neto\u010dnih podataka<\/li>\n<li>brisanje podataka (ako ne postoji zakonska obveza \u010duvanja)<\/li>\n<li>ograni\u010denje obrade<\/li>\n<li>prigovor na obradu podataka<\/li>\n<\/ul>\n<p>Za ostvarivanje svojih prava mo\u017eete nas kontaktirati putem e-maila:<br \/>\n<a href=\"mailto:apartmaninatalijakrk@gmail.com\">apartmaninatalijakrk@gmail.com<\/a><\/p>\n<p>&nbsp;<\/p>\n<h2>8. Kola\u010di\u0107i (Cookies)<\/h2>\n<p>Web stranica koristi samo nu\u017ene tehni\u010dke kola\u010di\u0107e potrebne za pravilno<br \/>\nfunkcioniranje stranice. Ne koriste se marketin\u0161ki ili analiti\u010dki kola\u010di\u0107i<br \/>\nbez privole korisnika. <\/p>\n<p>&nbsp;<\/p>\n<h2>9. Izmjene politike privatnosti<\/h2>\n<p>Zadr\u017eavamo pravo izmjene ove Politike privatnosti u bilo kojem trenutku.<br \/>\nSve promjene bit \u0107e objavljene na ovoj web stranici.<\/p>\n<p>&nbsp;<\/p>\n<p><strong>Zadnje a\u017euriranje: 22.01.2026.<\/strong><\/p>\n<\/section>\n<\/div><\/div><\/div>[\/vc_column][\/vc_row]<\/p>\n<\/div>","protected":false},"excerpt":{"rendered":"<p>[vc_row][vc_column][\/vc_column][\/vc_row] &#8230; <\/p>\n","protected":false},"author":1,"featured_media":0,"parent":0,"menu_order":0,"comment_status":"closed","ping_status":"closed","template":"","meta":{"inline_featured_image":false,"footnotes":""},"class_list":["post-3652","page","type-page","status-publish","hentry"],"yoast_head":"<!-- This site is optimized with the Yoast SEO plugin v26.8 - https:\/\/yoast.com\/product\/yoast-seo-wordpress\/ -->\n<title>Informativa sulla privacy - Apartmani Natalija Krk<\/title>\n<meta name=\"robots\" content=\"noindex, follow\" \/>\n<meta property=\"og:locale\" content=\"it_IT\" \/>\n<meta property=\"og:type\" content=\"article\" \/>\n<meta property=\"og:title\" content=\"Informativa sulla privacy - Apartmani Natalija Krk\" \/>\n<meta property=\"og:description\" content=\"[vc_row][vc_column][\/vc_column][\/vc_row] ...\" \/>\n<meta property=\"og:url\" content=\"https:\/\/www.krk-apartments.net\/it\/informativa-sulla-privacy\/\" \/>\n<meta property=\"og:site_name\" content=\"Apartmani Natalija Krk\" \/>\n<meta property=\"article:modified_time\" content=\"2026-01-22T08:13:43+00:00\" \/>\n<meta name=\"twitter:card\" content=\"summary_large_image\" \/>\n<meta name=\"twitter:label1\" content=\"Tempo di lettura stimato\" \/>\n\t<meta name=\"twitter:data1\" content=\"2 minuti\" \/>\n<script type=\"application\/ld+json\" class=\"yoast-schema-graph\">{\"@context\":\"https:\/\/schema.org\",\"@graph\":[{\"@type\":\"WebPage\",\"@id\":\"https:\/\/www.krk-apartments.net\/it\/informativa-sulla-privacy\/\",\"url\":\"https:\/\/www.krk-apartments.net\/it\/informativa-sulla-privacy\/\",\"name\":\"Informativa sulla privacy - Apartmani Natalija Krk\",\"isPartOf\":{\"@id\":\"https:\/\/www.krk-apartments.net\/de\/#website\"},\"datePublished\":\"2026-01-22T07:52:59+00:00\",\"dateModified\":\"2026-01-22T08:13:43+00:00\",\"breadcrumb\":{\"@id\":\"https:\/\/www.krk-apartments.net\/it\/informativa-sulla-privacy\/#breadcrumb\"},\"inLanguage\":\"it-IT\",\"potentialAction\":[{\"@type\":\"ReadAction\",\"target\":[\"https:\/\/www.krk-apartments.net\/it\/informativa-sulla-privacy\/\"]}]},{\"@type\":\"BreadcrumbList\",\"@id\":\"https:\/\/www.krk-apartments.net\/it\/informativa-sulla-privacy\/#breadcrumb\",\"itemListElement\":[{\"@type\":\"ListItem\",\"position\":1,\"name\":\"Home\",\"item\":\"https:\/\/www.krk-apartments.net\/it\/\"},{\"@type\":\"ListItem\",\"position\":2,\"name\":\"Informativa sulla privacy\"}]},{\"@type\":\"WebSite\",\"@id\":\"https:\/\/www.krk-apartments.net\/de\/#website\",\"url\":\"https:\/\/www.krk-apartments.net\/de\/\",\"name\":\"Apartmani Natalija Krk\",\"description\":\"Nudimo Vam kvalitetan smje\u0161taj, odli\u010dne cijene i sve informacije potrebne za nezaboravan odmor u gradu Krku\",\"potentialAction\":[{\"@type\":\"SearchAction\",\"target\":{\"@type\":\"EntryPoint\",\"urlTemplate\":\"https:\/\/www.krk-apartments.net\/de\/?s={search_term_string}\"},\"query-input\":{\"@type\":\"PropertyValueSpecification\",\"valueRequired\":true,\"valueName\":\"search_term_string\"}}],\"inLanguage\":\"it-IT\"}]}<\/script>\n<!-- \/ Yoast SEO plugin. -->","yoast_head_json":{"title":"Informativa sulla privacy - Apartmani Natalija Krk","robots":{"index":"noindex","follow":"follow"},"og_locale":"it_IT","og_type":"article","og_title":"Informativa sulla privacy - Apartmani Natalija Krk","og_description":"[vc_row][vc_column][\/vc_column][\/vc_row] ...","og_url":"https:\/\/www.krk-apartments.net\/it\/informativa-sulla-privacy\/","og_site_name":"Apartmani Natalija Krk","article_modified_time":"2026-01-22T08:13:43+00:00","twitter_card":"summary_large_image","twitter_misc":{"Tempo di lettura stimato":"2 minuti"},"schema":{"@context":"https:\/\/schema.org","@graph":[{"@type":"WebPage","@id":"https:\/\/www.krk-apartments.net\/it\/informativa-sulla-privacy\/","url":"https:\/\/www.krk-apartments.net\/it\/informativa-sulla-privacy\/","name":"Informativa sulla privacy - Apartmani Natalija Krk","isPartOf":{"@id":"https:\/\/www.krk-apartments.net\/de\/#website"},"datePublished":"2026-01-22T07:52:59+00:00","dateModified":"2026-01-22T08:13:43+00:00","breadcrumb":{"@id":"https:\/\/www.krk-apartments.net\/it\/informativa-sulla-privacy\/#breadcrumb"},"inLanguage":"it-IT","potentialAction":[{"@type":"ReadAction","target":["https:\/\/www.krk-apartments.net\/it\/informativa-sulla-privacy\/"]}]},{"@type":"BreadcrumbList","@id":"https:\/\/www.krk-apartments.net\/it\/informativa-sulla-privacy\/#breadcrumb","itemListElement":[{"@type":"ListItem","position":1,"name":"Home","item":"https:\/\/www.krk-apartments.net\/it\/"},{"@type":"ListItem","position":2,"name":"Informativa sulla privacy"}]},{"@type":"WebSite","@id":"https:\/\/www.krk-apartments.net\/de\/#website","url":"https:\/\/www.krk-apartments.net\/de\/","name":"Apartmani Natalija Krk","description":"Nudimo Vam kvalitetan smje\u0161taj, odli\u010dne cijene i sve informacije potrebne za nezaboravan odmor u gradu Krku","potentialAction":[{"@type":"SearchAction","target":{"@type":"EntryPoint","urlTemplate":"https:\/\/www.krk-apartments.net\/de\/?s={search_term_string}"},"query-input":{"@type":"PropertyValueSpecification","valueRequired":true,"valueName":"search_term_string"}}],"inLanguage":"it-IT"}]}},"_links":{"self":[{"href":"https:\/\/www.krk-apartments.net\/it\/wp-json\/wp\/v2\/pages\/3652","targetHints":{"allow":["GET"]}}],"collection":[{"href":"https:\/\/www.krk-apartments.net\/it\/wp-json\/wp\/v2\/pages"}],"about":[{"href":"https:\/\/www.krk-apartments.net\/it\/wp-json\/wp\/v2\/types\/page"}],"author":[{"embeddable":true,"href":"https:\/\/www.krk-apartments.net\/it\/wp-json\/wp\/v2\/users\/1"}],"replies":[{"embeddable":true,"href":"https:\/\/www.krk-apartments.net\/it\/wp-json\/wp\/v2\/comments?post=3652"}],"version-history":[{"count":3,"href":"https:\/\/www.krk-apartments.net\/it\/wp-json\/wp\/v2\/pages\/3652\/revisions"}],"predecessor-version":[{"id":3657,"href":"https:\/\/www.krk-apartments.net\/it\/wp-json\/wp\/v2\/pages\/3652\/revisions\/3657"}],"wp:attachment":[{"href":"https:\/\/www.krk-apartments.net\/it\/wp-json\/wp\/v2\/media?parent=3652"}],"curies":[{"name":"wp","href":"https:\/\/api.w.org\/{rel}","templated":true}]}}