{"id":3356,"date":"2026-01-15T07:37:03","date_gmt":"2026-01-15T06:37:03","guid":{"rendered":"https:\/\/www.krk-apartments.net\/hausordnung\/"},"modified":"2026-04-21T21:41:32","modified_gmt":"2026-04-21T19:41:32","slug":"allgemeine-infos","status":"publish","type":"page","link":"https:\/\/www.krk-apartments.net\/de\/allgemeine-infos\/","title":{"rendered":"Allgemeine infos"},"content":{"rendered":"<div class=\"wpb-content-wrapper\"><p>[vc_row][vc_column]<div id=\"cz_57032\" class=\"cz_57032 cz_title clr cz_title_pos_inline\"><div class=\"cz_title_content\"><div class=\"cz_wpe_content\"><h3>Aufenthaltsbedingungen<\/h3>\n<\/div><\/div><\/div><div class=\"cz_gap clr  hide_on_tablet hide_on_mobile\" style=\"height: 20px\"><\/div><div class=\"cz_gap show_on_tablet clr  show_only_tablet\" style=\"height: 20px\"><\/div><div class=\"cz_gap show_on_mobile clr\" style=\"height: 20px\"><\/div>[\/vc_column][\/vc_row][vc_row][vc_column width=&#8220;1\/2&#8243;]<div id=\"cz_17480\" class=\"cz_17480 cz_title clr cz_title_pos_inline uvjeti-boravka\"><div class=\"cz_title_content\"><div class=\"cz_wpe_content\"><p><strong>Check-in<\/strong>: von 15:00 bis 22:00 Uhr am Anreisetag,<\/p>\n<ul>\n<li>Bitte teilen Sie uns Ihre ungef\u00e4hre Ankunftszeit mit.<\/li>\n<\/ul>\n<p><strong>Check-out<\/strong>: von 07:00 bis 10:00 Uhr am Abreisetag,<\/p>\n<ul>\n<li>Bitte teilen Sie uns Ihre ungef\u00e4hre Abfahrtszeit sp\u00e4testens am Vorabend mit.<\/li>\n<\/ul>\n<p><strong>Reservierungen<\/strong>: Best\u00e4tigung durch Vorauszahlung in H\u00f6he von 30 % des Gesamtpreises; Stornierungen und Vorauszahlungen sind nicht erstattungsf\u00e4hig.<\/p>\n<p><strong>Zahlung<\/strong>: Der Restbetrag ist bei Ankunft ausschlie\u00dflich in bar zu entrichten, Kartenzahlung wird nicht akzeptiert.<\/p>\n<ul>\n<li>Der Eigent\u00fcmer unterliegt gem\u00e4\u00df Artikel 90 Absatz 1 des Umsatzsteuergesetzes nicht der Umsatzsteuer.<\/li>\n<\/ul>\n<\/div><\/div><\/div>[\/vc_column][vc_column width=&#8220;1\/2&#8243;]<div class=\"cz_gap clr  hide_on_tablet hide_on_mobile\" style=\"height: 00px\"><\/div><div class=\"cz_gap show_on_tablet clr  show_only_tablet\" style=\"height: 30px\"><\/div><div class=\"cz_gap show_on_mobile clr\" style=\"height: 30px\"><\/div><div id=\"cz_33805\" class=\"cz_33805 cz_title clr cz_title_pos_inline uvjeti-boravka\"><div class=\"cz_title_content\"><div class=\"cz_wpe_content\"><p><strong>Rauchen:<\/strong><\/p>\n<ul>\n<li>Rauchen ist nur auf dem Balkon erlaubt.<\/li>\n<\/ul>\n<p><strong>Partys:<\/strong><\/p>\n<ul>\n<li>Partys sind nicht erlaubt, um andere G\u00e4ste nicht zu st\u00f6ren.<\/li>\n<\/ul>\n<p><strong>Ruhezeit:<\/strong><\/p>\n<ul>\n<li>Die Ruhezeit dauert von Mitternacht bis 8:00 Uhr.<\/li>\n<\/ul>\n<p><strong>Keine Altersbeschr\u00e4nkung<\/strong>: F\u00fcr den Check-in gibt es keine Altersvoraussetzung.<\/p>\n<\/div><\/div><\/div>[\/vc_column][\/vc_row][vc_row][vc_column width=&#8220;1\/3&#8243;]<div class=\"cz_gap clr  hide_on_tablet hide_on_mobile\" style=\"height: 40px\"><\/div><div class=\"cz_gap show_on_tablet clr  show_only_tablet\" style=\"height: 40px\"><\/div><div class=\"cz_gap show_on_mobile clr\" style=\"height: 30px\"><\/div><div id=\"cz_37728\" class=\"cz_37728 cz_title clr cz_title_pos_inline\"><div class=\"cz_title_content\"><div class=\"cz_wpe_content\"><h3>Auf anfrage mit vorank\u00fcndigung:<\/h3>\n<\/div><\/div><\/div><div class=\"cz_gap clr  hide_on_tablet hide_on_mobile\" style=\"height: 20px\"><\/div><div class=\"cz_gap show_on_tablet clr  show_only_tablet\" style=\"height: 20px\"><\/div><div class=\"cz_gap show_on_mobile clr\" style=\"height: 20px\"><\/div><div id=\"cz_67866\" class=\"cz_67866 cz_title clr cz_title_pos_inline uvjeti-boravka\"><div class=\"cz_title_content\"><div class=\"cz_wpe_content\"><ul>\n<li>Haustiere sind willkommen,gegen Aufpreis<\/li>\n<li>Babybett und Hochstuhl, ohne Aufpreis<\/li>\n<\/ul>\n<\/div><\/div><\/div>[\/vc_column][vc_column width=&#8220;1\/3&#8243;]<div class=\"cz_gap clr  hide_on_tablet hide_on_mobile\" style=\"height: 40px\"><\/div><div class=\"cz_gap show_on_tablet clr  show_only_tablet\" style=\"height: 40px\"><\/div><div class=\"cz_gap show_on_mobile clr\" style=\"height: 30px\"><\/div><div id=\"cz_37363\" class=\"cz_37363 cz_title clr cz_title_pos_inline\"><div class=\"cz_title_content\"><div class=\"cz_wpe_content\"><h3>Gemeinsame nutzung:<\/h3>\n<\/div><\/div><\/div><div class=\"cz_gap clr  hide_on_tablet hide_on_mobile\" style=\"height: 20px\"><\/div><div class=\"cz_gap show_on_tablet clr  show_only_tablet\" style=\"height: 20px\"><\/div><div class=\"cz_gap show_on_mobile clr\" style=\"height: 20px\"><\/div><div id=\"cz_26180\" class=\"cz_26180 cz_title clr cz_title_pos_inline uvjeti-boravka\"><div class=\"cz_title_content\"><div class=\"cz_wpe_content\"><ul>\n<li>Salzwasser-Au\u00dfenpool, <span class=\"HwtZe\" lang=\"de\"><span class=\"jCAhz ChMk0b\"><span class=\"ryNqvb\">nicht beheizt<\/span><\/span><\/span> (<span class=\"HwtZe\" lang=\"de\"><span class=\"jCAhz ChMk0b\"><span class=\"ryNqvb\">SAISONAL GE\u00d6FFNET<\/span><\/span><\/span>) und Dusche<\/li>\n<li>Grill<\/li>\n<\/ul>\n<\/div><\/div><\/div>[\/vc_column][vc_column width=&#8220;1\/3&#8243;][\/vc_column][\/vc_row][vc_row][vc_column]<div class=\"cz_gap clr  hide_on_tablet hide_on_mobile\" style=\"height: 40px\"><\/div><div class=\"cz_gap show_on_tablet clr  show_only_tablet\" style=\"height: 40px\"><\/div><div class=\"cz_gap show_on_mobile clr\" style=\"height: 30px\"><\/div><div id=\"cz_102055\" class=\"cz_102055 cz_title clr cz_title_pos_center\"><div class=\"cz_title_content\"><div class=\"cz_wpe_content\"><h3>Wir w\u00fcnschen Ihnen einen angenehmen Aufenthalt!<\/h3>\n<\/div><\/div><\/div><div class=\"cz_gap clr  hide_on_tablet hide_on_mobile\" style=\"height: 20px\"><\/div><div class=\"cz_gap show_on_tablet clr  show_only_tablet\" style=\"height: 20px\"><\/div><div class=\"cz_gap show_on_mobile clr\" style=\"height: 20px\"><\/div>[\/vc_column][\/vc_row][vc_row][vc_column width=&#8220;1\/3&#8243;]<div class=\"cz_gap clr  hide_on_tablet hide_on_mobile\" style=\"height: 30px\"><\/div><div class=\"cz_gap show_on_tablet clr  show_only_tablet\" style=\"height: 30px\"><\/div><div class=\"cz_gap show_on_mobile clr\" style=\"height: 30px\"><\/div><div id=\"cz_24467\" data-position=\"top-right\" class=\"cz_24467 cz_image clr cz_image_no_fx center_on_mobile\"><div class=\"\" ><div class=\"cz_image_in\"><div class=\"cz_main_image\"><img decoding=\"async\" width=\"2000\" height=\"1500\" src=\"https:\/\/www.krk-apartments.net\/wp-content\/uploads\/2026\/02\/WhatsApp-Image-2026-02-25-at-17.39.54.jpeg\" class=\"attachment-full\" alt=\"WhatsApp Image 2026 02 25 at 17 39 54\" title=\"WhatsApp Image 2026-02-25 at 17.39.54\" srcset=\"https:\/\/www.krk-apartments.net\/wp-content\/uploads\/2026\/02\/WhatsApp-Image-2026-02-25-at-17.39.54.jpeg 2000w, https:\/\/www.krk-apartments.net\/wp-content\/uploads\/2026\/02\/WhatsApp-Image-2026-02-25-at-17.39.54-300x225.jpeg 300w, https:\/\/www.krk-apartments.net\/wp-content\/uploads\/2026\/02\/WhatsApp-Image-2026-02-25-at-17.39.54-1024x768.jpeg 1024w, https:\/\/www.krk-apartments.net\/wp-content\/uploads\/2026\/02\/WhatsApp-Image-2026-02-25-at-17.39.54-768x576.jpeg 768w, https:\/\/www.krk-apartments.net\/wp-content\/uploads\/2026\/02\/WhatsApp-Image-2026-02-25-at-17.39.54-1536x1152.jpeg 1536w, https:\/\/www.krk-apartments.net\/wp-content\/uploads\/2026\/02\/WhatsApp-Image-2026-02-25-at-17.39.54-600x450.jpeg 600w\" sizes=\"auto, (max-width: 2000px) 100vw, 2000px\" loading=\"lazy\" \/><\/div><\/div><\/div><\/div>[\/vc_column][vc_column width=&#8220;1\/3&#8243;]<div class=\"cz_gap clr  hide_on_tablet hide_on_mobile\" style=\"height: 30px\"><\/div><div class=\"cz_gap show_on_tablet clr  show_only_tablet\" style=\"height: 30px\"><\/div><div class=\"cz_gap show_on_mobile clr\" style=\"height: 30px\"><\/div><div id=\"cz_107253\" data-position=\"top-right\" class=\"cz_107253 cz_image clr cz_image_no_fx center_on_mobile\"><div class=\"\" ><div class=\"cz_image_in\"><div class=\"cz_main_image\"><img decoding=\"async\" width=\"2000\" height=\"1500\" src=\"https:\/\/www.krk-apartments.net\/wp-content\/uploads\/2026\/04\/bazen-novo-3.jpeg\" class=\"attachment-full\" alt=\"Bazen novo 3\" title=\"bazen novo 3\" srcset=\"https:\/\/www.krk-apartments.net\/wp-content\/uploads\/2026\/04\/bazen-novo-3.jpeg 2000w, https:\/\/www.krk-apartments.net\/wp-content\/uploads\/2026\/04\/bazen-novo-3-300x225.jpeg 300w, https:\/\/www.krk-apartments.net\/wp-content\/uploads\/2026\/04\/bazen-novo-3-1024x768.jpeg 1024w, https:\/\/www.krk-apartments.net\/wp-content\/uploads\/2026\/04\/bazen-novo-3-768x576.jpeg 768w, https:\/\/www.krk-apartments.net\/wp-content\/uploads\/2026\/04\/bazen-novo-3-1536x1152.jpeg 1536w, https:\/\/www.krk-apartments.net\/wp-content\/uploads\/2026\/04\/bazen-novo-3-600x450.jpeg 600w\" sizes=\"auto, (max-width: 2000px) 100vw, 2000px\" loading=\"lazy\" \/><\/div><\/div><\/div><\/div>[\/vc_column][vc_column width=&#8220;1\/3&#8243;]<div class=\"cz_gap clr  hide_on_tablet hide_on_mobile\" style=\"height: 30px\"><\/div><div class=\"cz_gap show_on_tablet clr  show_only_tablet\" style=\"height: 30px\"><\/div><div class=\"cz_gap show_on_mobile clr\" style=\"height: 30px\"><\/div><div id=\"cz_67311\" data-position=\"top-right\" class=\"cz_67311 cz_image clr cz_image_no_fx center_on_mobile\"><div class=\"\" ><div class=\"cz_image_in\"><div class=\"cz_main_image\"><img decoding=\"async\" width=\"2000\" height=\"1500\" src=\"https:\/\/www.krk-apartments.net\/wp-content\/uploads\/2026\/04\/Bazen-novo-11.jpeg\" class=\"attachment-full\" alt=\"Bazen novo 11\" srcset=\"https:\/\/www.krk-apartments.net\/wp-content\/uploads\/2026\/04\/Bazen-novo-11.jpeg 2000w, https:\/\/www.krk-apartments.net\/wp-content\/uploads\/2026\/04\/Bazen-novo-11-300x225.jpeg 300w, https:\/\/www.krk-apartments.net\/wp-content\/uploads\/2026\/04\/Bazen-novo-11-1024x768.jpeg 1024w, https:\/\/www.krk-apartments.net\/wp-content\/uploads\/2026\/04\/Bazen-novo-11-768x576.jpeg 768w, https:\/\/www.krk-apartments.net\/wp-content\/uploads\/2026\/04\/Bazen-novo-11-1536x1152.jpeg 1536w, https:\/\/www.krk-apartments.net\/wp-content\/uploads\/2026\/04\/Bazen-novo-11-600x450.jpeg 600w\" sizes=\"auto, (max-width: 2000px) 100vw, 2000px\" loading=\"lazy\" \/><\/div><\/div><\/div><\/div>[\/vc_column][\/vc_row]<\/p>\n<\/div>","protected":false},"excerpt":{"rendered":"<p>[vc_row][vc_column][\/vc_column][\/vc_row][vc_row][vc_column width=&#8220;1\/2&#8243;][\/vc_column][vc_column width=&#8220;1\/2&#8243;][\/vc_column][\/vc_row][vc_row][vc_column width=&#8220;1\/3&#8243;][\/vc_column][vc_column width=&#8220;1\/3&#8243;][\/vc_column][vc_column width=&#8220;1\/3&#8243;][\/vc_column][\/vc_row][vc_row][vc_column][\/vc_column][\/vc_row][vc_row][vc_column width=&#8220;1\/3&#8243;][\/vc_column][vc_column width=&#8220;1\/3&#8243;][\/vc_column][vc_column width=&#8220;1\/3&#8243;][\/vc_column][\/vc_row] &#8230; <\/p>\n","protected":false},"author":1,"featured_media":0,"parent":0,"menu_order":0,"comment_status":"closed","ping_status":"closed","template":"","meta":{"inline_featured_image":false,"footnotes":""},"class_list":["post-3356","page","type-page","status-publish","hentry"],"yoast_head":"<!-- This site is optimized with the Yoast SEO plugin v26.8 - https:\/\/yoast.com\/product\/yoast-seo-wordpress\/ -->\n<title>Allgemeine infos - Apartmani Natalija Krk<\/title>\n<meta name=\"robots\" content=\"index, follow, max-snippet:-1, max-image-preview:large, max-video-preview:-1\" \/>\n<link rel=\"canonical\" href=\"https:\/\/www.krk-apartments.net\/de\/allgemeine-infos\/\" \/>\n<meta property=\"og:locale\" content=\"de_DE\" \/>\n<meta property=\"og:type\" content=\"article\" \/>\n<meta property=\"og:title\" content=\"Allgemeine infos - Apartmani Natalija Krk\" \/>\n<meta property=\"og:description\" content=\"[vc_row][vc_column][\/vc_column][\/vc_row][vc_row][vc_column width=&#8220;1\/2&#8243;][\/vc_column][vc_column width=&#8220;1\/2&#8243;][\/vc_column][\/vc_row][vc_row][vc_column width=&#8220;1\/3&#8243;][\/vc_column][vc_column width=&#8220;1\/3&#8243;][\/vc_column][vc_column width=&#8220;1\/3&#8243;][\/vc_column][\/vc_row][vc_row][vc_column][\/vc_column][\/vc_row][vc_row][vc_column width=&#8220;1\/3&#8243;][\/vc_column][vc_column width=&#8220;1\/3&#8243;][\/vc_column][vc_column width=&#8220;1\/3&#8243;][\/vc_column][\/vc_row] ...\" \/>\n<meta property=\"og:url\" content=\"https:\/\/www.krk-apartments.net\/de\/allgemeine-infos\/\" \/>\n<meta property=\"og:site_name\" content=\"Apartmani Natalija Krk\" \/>\n<meta property=\"article:modified_time\" content=\"2026-04-21T19:41:32+00:00\" \/>\n<meta name=\"twitter:card\" content=\"summary_large_image\" \/>\n<meta name=\"twitter:label1\" content=\"Gesch\u00e4tzte Lesezeit\" \/>\n\t<meta name=\"twitter:data1\" content=\"2\u00a0Minuten\" \/>\n<script type=\"application\/ld+json\" class=\"yoast-schema-graph\">{\"@context\":\"https:\/\/schema.org\",\"@graph\":[{\"@type\":\"WebPage\",\"@id\":\"https:\/\/www.krk-apartments.net\/de\/allgemeine-infos\/\",\"url\":\"https:\/\/www.krk-apartments.net\/de\/allgemeine-infos\/\",\"name\":\"Allgemeine infos - Apartmani Natalija Krk\",\"isPartOf\":{\"@id\":\"https:\/\/www.krk-apartments.net\/de\/#website\"},\"datePublished\":\"2026-01-15T06:37:03+00:00\",\"dateModified\":\"2026-04-21T19:41:32+00:00\",\"breadcrumb\":{\"@id\":\"https:\/\/www.krk-apartments.net\/de\/allgemeine-infos\/#breadcrumb\"},\"inLanguage\":\"de\",\"potentialAction\":[{\"@type\":\"ReadAction\",\"target\":[\"https:\/\/www.krk-apartments.net\/de\/allgemeine-infos\/\"]}]},{\"@type\":\"BreadcrumbList\",\"@id\":\"https:\/\/www.krk-apartments.net\/de\/allgemeine-infos\/#breadcrumb\",\"itemListElement\":[{\"@type\":\"ListItem\",\"position\":1,\"name\":\"Home\",\"item\":\"https:\/\/www.krk-apartments.net\/de\/\"},{\"@type\":\"ListItem\",\"position\":2,\"name\":\"Allgemeine infos\"}]},{\"@type\":\"WebSite\",\"@id\":\"https:\/\/www.krk-apartments.net\/de\/#website\",\"url\":\"https:\/\/www.krk-apartments.net\/de\/\",\"name\":\"Apartmani Natalija Krk\",\"description\":\"Nudimo Vam kvalitetan smje\u0161taj, odli\u010dne cijene i sve informacije potrebne za nezaboravan odmor u gradu Krku\",\"potentialAction\":[{\"@type\":\"SearchAction\",\"target\":{\"@type\":\"EntryPoint\",\"urlTemplate\":\"https:\/\/www.krk-apartments.net\/de\/?s={search_term_string}\"},\"query-input\":{\"@type\":\"PropertyValueSpecification\",\"valueRequired\":true,\"valueName\":\"search_term_string\"}}],\"inLanguage\":\"de\"}]}<\/script>\n<!-- \/ Yoast SEO plugin. -->","yoast_head_json":{"title":"Allgemeine infos - Apartmani Natalija Krk","robots":{"index":"index","follow":"follow","max-snippet":"max-snippet:-1","max-image-preview":"max-image-preview:large","max-video-preview":"max-video-preview:-1"},"canonical":"https:\/\/www.krk-apartments.net\/de\/allgemeine-infos\/","og_locale":"de_DE","og_type":"article","og_title":"Allgemeine infos - Apartmani Natalija Krk","og_description":"[vc_row][vc_column][\/vc_column][\/vc_row][vc_row][vc_column width=&#8220;1\/2&#8243;][\/vc_column][vc_column width=&#8220;1\/2&#8243;][\/vc_column][\/vc_row][vc_row][vc_column width=&#8220;1\/3&#8243;][\/vc_column][vc_column width=&#8220;1\/3&#8243;][\/vc_column][vc_column width=&#8220;1\/3&#8243;][\/vc_column][\/vc_row][vc_row][vc_column][\/vc_column][\/vc_row][vc_row][vc_column width=&#8220;1\/3&#8243;][\/vc_column][vc_column width=&#8220;1\/3&#8243;][\/vc_column][vc_column width=&#8220;1\/3&#8243;][\/vc_column][\/vc_row] ...","og_url":"https:\/\/www.krk-apartments.net\/de\/allgemeine-infos\/","og_site_name":"Apartmani Natalija Krk","article_modified_time":"2026-04-21T19:41:32+00:00","twitter_card":"summary_large_image","twitter_misc":{"Gesch\u00e4tzte Lesezeit":"2\u00a0Minuten"},"schema":{"@context":"https:\/\/schema.org","@graph":[{"@type":"WebPage","@id":"https:\/\/www.krk-apartments.net\/de\/allgemeine-infos\/","url":"https:\/\/www.krk-apartments.net\/de\/allgemeine-infos\/","name":"Allgemeine infos - Apartmani Natalija Krk","isPartOf":{"@id":"https:\/\/www.krk-apartments.net\/de\/#website"},"datePublished":"2026-01-15T06:37:03+00:00","dateModified":"2026-04-21T19:41:32+00:00","breadcrumb":{"@id":"https:\/\/www.krk-apartments.net\/de\/allgemeine-infos\/#breadcrumb"},"inLanguage":"de","potentialAction":[{"@type":"ReadAction","target":["https:\/\/www.krk-apartments.net\/de\/allgemeine-infos\/"]}]},{"@type":"BreadcrumbList","@id":"https:\/\/www.krk-apartments.net\/de\/allgemeine-infos\/#breadcrumb","itemListElement":[{"@type":"ListItem","position":1,"name":"Home","item":"https:\/\/www.krk-apartments.net\/de\/"},{"@type":"ListItem","position":2,"name":"Allgemeine infos"}]},{"@type":"WebSite","@id":"https:\/\/www.krk-apartments.net\/de\/#website","url":"https:\/\/www.krk-apartments.net\/de\/","name":"Apartmani Natalija Krk","description":"Nudimo Vam kvalitetan smje\u0161taj, odli\u010dne cijene i sve informacije potrebne za nezaboravan odmor u gradu Krku","potentialAction":[{"@type":"SearchAction","target":{"@type":"EntryPoint","urlTemplate":"https:\/\/www.krk-apartments.net\/de\/?s={search_term_string}"},"query-input":{"@type":"PropertyValueSpecification","valueRequired":true,"valueName":"search_term_string"}}],"inLanguage":"de"}]}},"_links":{"self":[{"href":"https:\/\/www.krk-apartments.net\/de\/wp-json\/wp\/v2\/pages\/3356","targetHints":{"allow":["GET"]}}],"collection":[{"href":"https:\/\/www.krk-apartments.net\/de\/wp-json\/wp\/v2\/pages"}],"about":[{"href":"https:\/\/www.krk-apartments.net\/de\/wp-json\/wp\/v2\/types\/page"}],"author":[{"embeddable":true,"href":"https:\/\/www.krk-apartments.net\/de\/wp-json\/wp\/v2\/users\/1"}],"replies":[{"embeddable":true,"href":"https:\/\/www.krk-apartments.net\/de\/wp-json\/wp\/v2\/comments?post=3356"}],"version-history":[{"count":8,"href":"https:\/\/www.krk-apartments.net\/de\/wp-json\/wp\/v2\/pages\/3356\/revisions"}],"predecessor-version":[{"id":4783,"href":"https:\/\/www.krk-apartments.net\/de\/wp-json\/wp\/v2\/pages\/3356\/revisions\/4783"}],"wp:attachment":[{"href":"https:\/\/www.krk-apartments.net\/de\/wp-json\/wp\/v2\/media?parent=3356"}],"curies":[{"name":"wp","href":"https:\/\/api.w.org\/{rel}","templated":true}]}}